{"id":54,"date":"2025-07-12T13:49:57","date_gmt":"2025-07-12T13:49:57","guid":{"rendered":"https:\/\/cozalek.com\/?page_id=54"},"modified":"2025-07-12T14:47:13","modified_gmt":"2025-07-12T14:47:13","slug":"porada-farmaceutyczna","status":"publish","type":"page","link":"https:\/\/cozalek.com\/index.php\/porada-farmaceutyczna\/","title":{"rendered":"Porada Farmaceutyczna"},"content":{"rendered":"\n<p>To szybka i fachowa pomoc farmaceuty w pytaniach dotycz\u0105cych lek\u00f3w, suplement\u00f3w diety, drobnych dolegliwo\u015bci czy profilaktyki zdrowotnej. Podczas porady mo\u017cesz uzyska\u0107 rzeteln\u0105 informacj\u0119, rozwia\u0107 w\u0105tpliwo\u015bci oraz otrzyma\u0107 praktyczne wskaz\u00f3wki dostosowane do Twojej sytuacji. Us\u0142uga dost\u0119pna jest stacjonarnie oraz online \u2013 bez wychodzenia z domu, z wygodnego i bezpiecznego kontaktu z farmaceut\u0105.<\/p>\n\n\n\n<p><\/p>\n","protected":false},"excerpt":{"rendered":"<p>To szybka i fachowa pomoc farmaceuty w pytaniach dotycz\u0105cych lek\u00f3w, suplement\u00f3w diety, drobnych dolegliwo\u015bci czy profilaktyki zdrowotnej. Podczas porady mo\u017cesz uzyska\u0107 rzeteln\u0105 informacj\u0119, rozwia\u0107 w\u0105tpliwo\u015bci oraz otrzyma\u0107 praktyczne wskaz\u00f3wki dostosowane do Twojej sytuacji. Us\u0142uga dost\u0119pna jest stacjonarnie oraz online \u2013 bez wychodzenia z domu, z wygodnego i bezpiecznego kontaktu z farmaceut\u0105.<\/p>\n","protected":false},"author":1,"featured_media":0,"parent":0,"menu_order":0,"comment_status":"closed","ping_status":"closed","template":"","meta":{"footnotes":""},"class_list":["post-54","page","type-page","status-publish","hentry"],"_links":{"self":[{"href":"https:\/\/cozalek.com\/index.php\/wp-json\/wp\/v2\/pages\/54","targetHints":{"allow":["GET"]}}],"collection":[{"href":"https:\/\/cozalek.com\/index.php\/wp-json\/wp\/v2\/pages"}],"about":[{"href":"https:\/\/cozalek.com\/index.php\/wp-json\/wp\/v2\/types\/page"}],"author":[{"embeddable":true,"href":"https:\/\/cozalek.com\/index.php\/wp-json\/wp\/v2\/users\/1"}],"replies":[{"embeddable":true,"href":"https:\/\/cozalek.com\/index.php\/wp-json\/wp\/v2\/comments?post=54"}],"version-history":[{"count":2,"href":"https:\/\/cozalek.com\/index.php\/wp-json\/wp\/v2\/pages\/54\/revisions"}],"predecessor-version":[{"id":80,"href":"https:\/\/cozalek.com\/index.php\/wp-json\/wp\/v2\/pages\/54\/revisions\/80"}],"wp:attachment":[{"href":"https:\/\/cozalek.com\/index.php\/wp-json\/wp\/v2\/media?parent=54"}],"curies":[{"name":"wp","href":"https:\/\/api.w.org\/{rel}","templated":true}]}}