{"id":52,"date":"2025-07-12T13:48:03","date_gmt":"2025-07-12T13:48:03","guid":{"rendered":"https:\/\/cozalek.com\/?page_id=52"},"modified":"2025-07-12T14:46:25","modified_gmt":"2025-07-12T14:46:25","slug":"apteczka","status":"publish","type":"page","link":"https:\/\/cozalek.com\/index.php\/apteczka\/","title":{"rendered":"Apteczka"},"content":{"rendered":"\n<p>Us\u0142uga polega na profesjonalnym doborze lek\u00f3w i \u015brodk\u00f3w opatrunkowych dostosowanych do Twoich potrzeb \u2013 na wyjazd, do domu, dla dziecka, seniora lub osoby przewlekle chorej. Farmaceuta pomo\u017ce stworzy\u0107 kompletn\u0105, bezpieczn\u0105 i praktyczn\u0105 apteczk\u0119, uwzgl\u0119dniaj\u0105c Tw\u00f3j stan zdrowia, plan podr\u00f3\u017cy, kierunek wyjazdu oraz ewentualne choroby przewlek\u0142e. Dzi\u0119ki temu masz pewno\u015b\u0107, \u017ce w razie potrzeby masz pod r\u0119k\u0105 to, czego naprawd\u0119 potrzebujesz.<\/p>\n\n\n\n<p><\/p>\n","protected":false},"excerpt":{"rendered":"<p>Us\u0142uga polega na profesjonalnym doborze lek\u00f3w i \u015brodk\u00f3w opatrunkowych dostosowanych do Twoich potrzeb \u2013 na wyjazd, do domu, dla dziecka, seniora lub osoby przewlekle chorej. Farmaceuta pomo\u017ce stworzy\u0107 kompletn\u0105, bezpieczn\u0105 i praktyczn\u0105 apteczk\u0119, uwzgl\u0119dniaj\u0105c Tw\u00f3j stan zdrowia, plan podr\u00f3\u017cy, kierunek wyjazdu oraz ewentualne choroby przewlek\u0142e. Dzi\u0119ki temu masz pewno\u015b\u0107, \u017ce w razie potrzeby masz pod [&hellip;]<\/p>\n","protected":false},"author":1,"featured_media":0,"parent":0,"menu_order":0,"comment_status":"closed","ping_status":"closed","template":"","meta":{"footnotes":""},"class_list":["post-52","page","type-page","status-publish","hentry"],"_links":{"self":[{"href":"https:\/\/cozalek.com\/index.php\/wp-json\/wp\/v2\/pages\/52","targetHints":{"allow":["GET"]}}],"collection":[{"href":"https:\/\/cozalek.com\/index.php\/wp-json\/wp\/v2\/pages"}],"about":[{"href":"https:\/\/cozalek.com\/index.php\/wp-json\/wp\/v2\/types\/page"}],"author":[{"embeddable":true,"href":"https:\/\/cozalek.com\/index.php\/wp-json\/wp\/v2\/users\/1"}],"replies":[{"embeddable":true,"href":"https:\/\/cozalek.com\/index.php\/wp-json\/wp\/v2\/comments?post=52"}],"version-history":[{"count":2,"href":"https:\/\/cozalek.com\/index.php\/wp-json\/wp\/v2\/pages\/52\/revisions"}],"predecessor-version":[{"id":77,"href":"https:\/\/cozalek.com\/index.php\/wp-json\/wp\/v2\/pages\/52\/revisions\/77"}],"wp:attachment":[{"href":"https:\/\/cozalek.com\/index.php\/wp-json\/wp\/v2\/media?parent=52"}],"curies":[{"name":"wp","href":"https:\/\/api.w.org\/{rel}","templated":true}]}}