{"id":50,"date":"2025-07-12T13:46:47","date_gmt":"2025-07-12T13:46:47","guid":{"rendered":"https:\/\/cozalek.com\/?page_id=50"},"modified":"2025-07-12T14:46:35","modified_gmt":"2025-07-12T14:46:35","slug":"konsultacje","status":"publish","type":"page","link":"https:\/\/cozalek.com\/index.php\/konsultacje\/","title":{"rendered":"Konsultacje"},"content":{"rendered":"\n<p>To rozmowa z farmaceut\u0105, podczas kt\u00f3rej mo\u017cesz uzyska\u0107 rzeteln\u0105 i fachow\u0105 pomoc w zakresie stosowania lek\u00f3w, suplement\u00f3w diety oraz zdrowego stylu \u017cycia. Konsultacje pozwalaj\u0105 rozwia\u0107 w\u0105tpliwo\u015bci dotycz\u0105ce terapii, dawkowania, mo\u017cliwych dzia\u0142a\u0144 niepo\u017c\u0105danych czy interakcji mi\u0119dzy preparatami. To wygodny spos\u00f3b na popraw\u0119 bezpiecze\u0144stwa i skuteczno\u015bci leczenia.<\/p>\n\n\n\n<p><\/p>\n","protected":false},"excerpt":{"rendered":"<p>To rozmowa z farmaceut\u0105, podczas kt\u00f3rej mo\u017cesz uzyska\u0107 rzeteln\u0105 i fachow\u0105 pomoc w zakresie stosowania lek\u00f3w, suplement\u00f3w diety oraz zdrowego stylu \u017cycia. Konsultacje pozwalaj\u0105 rozwia\u0107 w\u0105tpliwo\u015bci dotycz\u0105ce terapii, dawkowania, mo\u017cliwych dzia\u0142a\u0144 niepo\u017c\u0105danych czy interakcji mi\u0119dzy preparatami. To wygodny spos\u00f3b na popraw\u0119 bezpiecze\u0144stwa i skuteczno\u015bci leczenia.<\/p>\n","protected":false},"author":1,"featured_media":0,"parent":0,"menu_order":0,"comment_status":"closed","ping_status":"closed","template":"","meta":{"footnotes":""},"class_list":["post-50","page","type-page","status-publish","hentry"],"_links":{"self":[{"href":"https:\/\/cozalek.com\/index.php\/wp-json\/wp\/v2\/pages\/50","targetHints":{"allow":["GET"]}}],"collection":[{"href":"https:\/\/cozalek.com\/index.php\/wp-json\/wp\/v2\/pages"}],"about":[{"href":"https:\/\/cozalek.com\/index.php\/wp-json\/wp\/v2\/types\/page"}],"author":[{"embeddable":true,"href":"https:\/\/cozalek.com\/index.php\/wp-json\/wp\/v2\/users\/1"}],"replies":[{"embeddable":true,"href":"https:\/\/cozalek.com\/index.php\/wp-json\/wp\/v2\/comments?post=50"}],"version-history":[{"count":2,"href":"https:\/\/cozalek.com\/index.php\/wp-json\/wp\/v2\/pages\/50\/revisions"}],"predecessor-version":[{"id":78,"href":"https:\/\/cozalek.com\/index.php\/wp-json\/wp\/v2\/pages\/50\/revisions\/78"}],"wp:attachment":[{"href":"https:\/\/cozalek.com\/index.php\/wp-json\/wp\/v2\/media?parent=50"}],"curies":[{"name":"wp","href":"https:\/\/api.w.org\/{rel}","templated":true}]}}