{"id":48,"date":"2025-07-12T13:46:00","date_gmt":"2025-07-12T13:46:00","guid":{"rendered":"https:\/\/cozalek.com\/?page_id=48"},"modified":"2025-07-12T14:47:22","modified_gmt":"2025-07-12T14:47:22","slug":"przeglad-lekowy","status":"publish","type":"page","link":"https:\/\/cozalek.com\/index.php\/przeglad-lekowy\/","title":{"rendered":"Przegl\u0105d lekowy"},"content":{"rendered":"\n<p>To indywidualna konsultacja z farmaceut\u0105, podczas kt\u00f3rej analizujemy wszystkie przyjmowane leki \u2013 zar\u00f3wno na recept\u0119, jak i bez recepty, a tak\u017ce suplementy diety. Celem przegl\u0105du jest zwi\u0119kszenie bezpiecze\u0144stwa farmakoterapii, wykrycie ewentualnych interakcji, uporz\u0105dkowanie stosowanych preparat\u00f3w oraz poprawa skuteczno\u015bci leczenia. Us\u0142uga skierowana jest do os\u00f3b przyjmuj\u0105cych wiele lek\u00f3w lub maj\u0105cych w\u0105tpliwo\u015bci co do ich dzia\u0142ania.<\/p>\n\n\n\n<p><\/p>\n","protected":false},"excerpt":{"rendered":"<p>To indywidualna konsultacja z farmaceut\u0105, podczas kt\u00f3rej analizujemy wszystkie przyjmowane leki \u2013 zar\u00f3wno na recept\u0119, jak i bez recepty, a tak\u017ce suplementy diety. Celem przegl\u0105du jest zwi\u0119kszenie bezpiecze\u0144stwa farmakoterapii, wykrycie ewentualnych interakcji, uporz\u0105dkowanie stosowanych preparat\u00f3w oraz poprawa skuteczno\u015bci leczenia. Us\u0142uga skierowana jest do os\u00f3b przyjmuj\u0105cych wiele lek\u00f3w lub maj\u0105cych w\u0105tpliwo\u015bci co do ich dzia\u0142ania.<\/p>\n","protected":false},"author":1,"featured_media":0,"parent":0,"menu_order":0,"comment_status":"closed","ping_status":"closed","template":"","meta":{"footnotes":""},"class_list":["post-48","page","type-page","status-publish","hentry"],"_links":{"self":[{"href":"https:\/\/cozalek.com\/index.php\/wp-json\/wp\/v2\/pages\/48","targetHints":{"allow":["GET"]}}],"collection":[{"href":"https:\/\/cozalek.com\/index.php\/wp-json\/wp\/v2\/pages"}],"about":[{"href":"https:\/\/cozalek.com\/index.php\/wp-json\/wp\/v2\/types\/page"}],"author":[{"embeddable":true,"href":"https:\/\/cozalek.com\/index.php\/wp-json\/wp\/v2\/users\/1"}],"replies":[{"embeddable":true,"href":"https:\/\/cozalek.com\/index.php\/wp-json\/wp\/v2\/comments?post=48"}],"version-history":[{"count":2,"href":"https:\/\/cozalek.com\/index.php\/wp-json\/wp\/v2\/pages\/48\/revisions"}],"predecessor-version":[{"id":81,"href":"https:\/\/cozalek.com\/index.php\/wp-json\/wp\/v2\/pages\/48\/revisions\/81"}],"wp:attachment":[{"href":"https:\/\/cozalek.com\/index.php\/wp-json\/wp\/v2\/media?parent=48"}],"curies":[{"name":"wp","href":"https:\/\/api.w.org\/{rel}","templated":true}]}}