{"id":36,"date":"2025-07-12T13:42:12","date_gmt":"2025-07-12T13:42:12","guid":{"rendered":"http:\/\/cozalek.com\/?page_id=36"},"modified":"2025-07-12T14:46:59","modified_gmt":"2025-07-12T14:46:59","slug":"o-nas","status":"publish","type":"page","link":"https:\/\/cozalek.com\/index.php\/o-nas\/","title":{"rendered":"O nas"},"content":{"rendered":"\n<p>Nazywam si\u0119 Karolina Czerwiec i jestem magistrem farmacji, absolwentk\u0105 Warszawskiego Uniwersytetu Medycznego. Na co dzie\u0144 pracuj\u0119 jako czynny farmaceuta, wspieraj\u0105c pacjent\u00f3w w trosce o ich zdrowie i bezpiecze\u0144stwo farmakoterapii.<\/p>\n\n\n\n<p>Ju\u017c podczas studi\u00f3w aktywnie dzia\u0142a\u0142am w Polskim Towarzystwie Student\u00f3w Farmacji, co pozwoli\u0142o mi pog\u0142\u0119bia\u0107 wiedz\u0119 oraz rozwija\u0107 umiej\u0119tno\u015bci praktyczne, kt\u00f3re dzi\u015b wykorzystuj\u0119 w codziennej pracy. Farmacja to dla mnie nie tylko zaw\u00f3d, ale przede wszystkim pasja \u2013 dlatego ka\u017cdego dnia staram si\u0119 poszerza\u0107 swoje kompetencje, \u015bledz\u0105c aktualne rekomendacje, nowe terapie i zmieniaj\u0105ce si\u0119 potrzeby pacjent\u00f3w.<\/p>\n\n\n\n<p>Wierz\u0119, \u017ce edukacja zdrowotna jest niezwykle wa\u017cna, dlatego swoj\u0105 wiedz\u0105 dziel\u0119 si\u0119 r\u00f3wnie\u017c w mediach spo\u0142eczno\u015bciowych \u2013 w szczeg\u00f3lno\u015bci na platformie TikTok, gdzie tworz\u0119 kr\u00f3tkie filmy edukacyjne na temat lek\u00f3w, suplement\u00f3w i \u015bwiadomego podej\u015bcia do zdrowia.<\/p>\n\n\n\n<p>Moim celem jest przybli\u017cenie opieki farmaceutycznej ka\u017cdemu, kto chce lepiej zrozumie\u0107 swoje leczenie i podejmowa\u0107 m\u0105dre decyzje zdrowotne.<\/p>\n\n\n\n<p><\/p>\n","protected":false},"excerpt":{"rendered":"<p>Nazywam si\u0119 Karolina Czerwiec i jestem magistrem farmacji, absolwentk\u0105 Warszawskiego Uniwersytetu Medycznego. Na co dzie\u0144 pracuj\u0119 jako czynny farmaceuta, wspieraj\u0105c pacjent\u00f3w w trosce o ich zdrowie i bezpiecze\u0144stwo farmakoterapii. Ju\u017c podczas studi\u00f3w aktywnie dzia\u0142a\u0142am w Polskim Towarzystwie Student\u00f3w Farmacji, co pozwoli\u0142o mi pog\u0142\u0119bia\u0107 wiedz\u0119 oraz rozwija\u0107 umiej\u0119tno\u015bci praktyczne, kt\u00f3re dzi\u015b wykorzystuj\u0119 w codziennej pracy. Farmacja [&hellip;]<\/p>\n","protected":false},"author":1,"featured_media":0,"parent":0,"menu_order":0,"comment_status":"closed","ping_status":"closed","template":"","meta":{"footnotes":""},"class_list":["post-36","page","type-page","status-publish","hentry"],"_links":{"self":[{"href":"https:\/\/cozalek.com\/index.php\/wp-json\/wp\/v2\/pages\/36","targetHints":{"allow":["GET"]}}],"collection":[{"href":"https:\/\/cozalek.com\/index.php\/wp-json\/wp\/v2\/pages"}],"about":[{"href":"https:\/\/cozalek.com\/index.php\/wp-json\/wp\/v2\/types\/page"}],"author":[{"embeddable":true,"href":"https:\/\/cozalek.com\/index.php\/wp-json\/wp\/v2\/users\/1"}],"replies":[{"embeddable":true,"href":"https:\/\/cozalek.com\/index.php\/wp-json\/wp\/v2\/comments?post=36"}],"version-history":[{"count":4,"href":"https:\/\/cozalek.com\/index.php\/wp-json\/wp\/v2\/pages\/36\/revisions"}],"predecessor-version":[{"id":79,"href":"https:\/\/cozalek.com\/index.php\/wp-json\/wp\/v2\/pages\/36\/revisions\/79"}],"wp:attachment":[{"href":"https:\/\/cozalek.com\/index.php\/wp-json\/wp\/v2\/media?parent=36"}],"curies":[{"name":"wp","href":"https:\/\/api.w.org\/{rel}","templated":true}]}}